{"id":3687,"date":"2021-11-11T16:41:30","date_gmt":"2021-11-11T21:41:30","guid":{"rendered":"https:\/\/projexmedia.com\/web\/?page_id=3687"},"modified":"2023-09-15T11:08:37","modified_gmt":"2023-09-15T15:08:37","slug":"soutien-technique","status":"publish","type":"page","link":"https:\/\/projexmedia.com\/web\/soutien-technique\/","title":{"rendered":"Soutien technique"},"content":{"rendered":"<p><div class=\"fusion-fullwidth fullwidth-box fusion-builder-row-1 fusion-flex-container nonhundred-percent-fullwidth non-hundred-percent-height-scrolling\" style=\"--awb-background-position:right center;--awb-border-radius-top-left:0px;--awb-border-radius-top-right:0px;--awb-border-radius-bottom-right:0px;--awb-border-radius-bottom-left:0px;--awb-margin-bottom:60px;--awb-flex-wrap:wrap;\" ><div class=\"fusion-builder-row fusion-row fusion-flex-align-items-flex-start fusion-flex-content-wrap\" style=\"max-width:106%;margin-left: calc(-6% \/ 2 );margin-right: calc(-6% \/ 2 );\"><div class=\"fusion-layout-column fusion_builder_column fusion-builder-column-0 fusion_builder_column_1_3 1_3 fusion-flex-column fusion-animated\" style=\"--awb-bg-size:cover;--awb-width-large:33.333333333333%;--awb-margin-top-large:0px;--awb-spacing-right-large:8.46%;--awb-margin-bottom-large:0px;--awb-spacing-left-large:8.46%;--awb-width-medium:33.333333333333%;--awb-order-medium:0;--awb-spacing-right-medium:8.46%;--awb-spacing-left-medium:8.46%;--awb-width-small:100%;--awb-order-small:0;--awb-spacing-right-small:2.82%;--awb-spacing-left-small:2.82%;\" data-animationType=\"slideInLeft\" data-animationDuration=\"1.0\" data-animationOffset=\"top-into-view\"><div class=\"fusion-column-wrapper fusion-column-has-shadow fusion-flex-justify-content-flex-start fusion-content-layout-column\"><div class=\"fusion-text fusion-text-1 subtitle\" style=\"--awb-text-transform:none;\"><p>Soutien technique<\/p>\n<\/div><\/div><\/div><div class=\"fusion-layout-column fusion_builder_column fusion-builder-column-1 fusion_builder_column_2_3 2_3 fusion-flex-column fusion-animated\" style=\"--awb-bg-size:cover;--awb-width-large:66.666666666667%;--awb-margin-top-large:0px;--awb-spacing-right-large:4.23%;--awb-margin-bottom-large:80px;--awb-spacing-left-large:4.23%;--awb-width-medium:66.666666666667%;--awb-order-medium:0;--awb-spacing-right-medium:4.23%;--awb-spacing-left-medium:4.23%;--awb-width-small:100%;--awb-order-small:0;--awb-spacing-right-small:2.82%;--awb-spacing-left-small:2.82%;\" data-animationType=\"fadeInRight\" data-animationDuration=\"0.5\" data-animationOffset=\"top-into-view\"><div class=\"fusion-column-wrapper fusion-column-has-shadow fusion-flex-justify-content-flex-start fusion-content-layout-column\"><div class=\"fusion-text fusion-text-2 font_25\" style=\"--awb-text-transform:none;\"><p>Un ennui? Des soucis? Besoin d\u2019un avis? Il suffit d\u2019un courriel! Nos experts techniques sont disponibles en tout temps et traiteront rapidement votre dossier.<\/p>\n<\/div><div class=\"fusion-separator fusion-full-width-sep\" style=\"align-self: center;margin-left: auto;margin-right: auto;margin-bottom:20px;width:100%;\"><\/div><div class=\"accordian fusion-accordian\" style=\"--awb-border-size:0px;--awb-icon-size:40px;--awb-content-font-size:20px;--awb-icon-alignment:right;--awb-hover-color:#f9f9fb;--awb-border-color:#e4e4e4;--awb-background-color:#ffffff;--awb-divider-color:#e2e2e2;--awb-divider-hover-color:#e2e2e2;--awb-icon-color:#a9865c;--awb-title-color:#a9865c;--awb-content-color:#212730;--awb-icon-box-color:#a9865c;--awb-toggle-hover-accent-color:#a9865c;--awb-title-font-family:&quot;ProjexMedia - Black&quot;;--awb-title-font-weight:400;--awb-title-font-style:normal;--awb-content-font-family:&quot;ProjexMedia - Regular&quot;;--awb-content-font-style:normal;--awb-content-font-weight:400;\"><div class=\"panel-group fusion-toggle-icon-right fusion-toggle-icon-unboxed\" id=\"accordion-3687-1\"><div class=\"fusion-panel panel-default panel-d76ed956746ba3ebd fusion-toggle-has-divider\"><div class=\"panel-heading\"><h4 class=\"panel-title toggle\" id=\"toggle_d76ed956746ba3ebd\"><a aria-expanded=\"false\" aria-controls=\"d76ed956746ba3ebd\" role=\"button\" data-toggle=\"collapse\" data-parent=\"#accordion-3687-1\" data-target=\"#d76ed956746ba3ebd\" href=\"#d76ed956746ba3ebd\"><span class=\"fusion-toggle-icon-wrapper\" aria-hidden=\"true\"><i class=\"fa-fusion-box active-icon awb-icon-minus\" aria-hidden=\"true\"><\/i><i class=\"fa-fusion-box inactive-icon awb-icon-plus\" aria-hidden=\"true\"><\/i><\/span><span class=\"fusion-toggle-heading\">Soutien technique sites Web<\/span><\/a><\/h4><\/div><div id=\"d76ed956746ba3ebd\" class=\"panel-collapse collapse \" aria-labelledby=\"toggle_d76ed956746ba3ebd\"><div class=\"panel-body toggle-content fusion-clearfix\">\n<p>Si vous \u00e9prouvez des probl\u00e8mes avec un site Web con\u00e7u par Projex Media ou h\u00e9berg\u00e9 par Projex Media, vous pouvez cr\u00e9er un ticket afin de contacter le soutien technique \u00e0 l&rsquo;adresse suivante : <a href=\"https:\/\/soutien.projexmedia.com\/\" target=\"_blank\" rel=\"noopener\">soutien.projexmedia.com<\/a><\/p>\n<\/div><\/div><\/div><div class=\"fusion-panel panel-default panel-a9fd79b960dfa3376 fusion-toggle-has-divider\" style=\"--awb-title-color:#a9865c;\"><div class=\"panel-heading\"><h4 class=\"panel-title toggle\" id=\"toggle_a9fd79b960dfa3376\"><a aria-expanded=\"false\" aria-controls=\"a9fd79b960dfa3376\" role=\"button\" data-toggle=\"collapse\" data-parent=\"#accordion-3687-1\" data-target=\"#a9fd79b960dfa3376\" href=\"#a9fd79b960dfa3376\"><span class=\"fusion-toggle-icon-wrapper\" aria-hidden=\"true\"><i class=\"fa-fusion-box active-icon awb-icon-minus\" aria-hidden=\"true\"><\/i><i class=\"fa-fusion-box inactive-icon awb-icon-plus\" aria-hidden=\"true\"><\/i><\/span><span class=\"fusion-toggle-heading\">Soutien technique courriels<\/span><\/a><\/h4><\/div><div id=\"a9fd79b960dfa3376\" class=\"panel-collapse collapse \" aria-labelledby=\"toggle_a9fd79b960dfa3376\"><div class=\"panel-body toggle-content fusion-clearfix\">Si vous \u00e9prouvez des probl\u00e8mes techniques avec vos courriels ou que vous avez des ajustements \u00e0 apporter \u00e0 vos licences, veuillez communiquer avec SBK Techno en <a href=\"https:\/\/www.sbktechno.com\/\" target=\"_blank\" rel=\"noopener\">cliquant ici<\/a>.<\/div><\/div><\/div><div class=\"fusion-panel panel-default panel-47a70a3911dd4dac6 fusion-toggle-has-divider\"><div class=\"panel-heading\"><h4 class=\"panel-title toggle\" id=\"toggle_47a70a3911dd4dac6\"><a aria-expanded=\"false\" aria-controls=\"47a70a3911dd4dac6\" role=\"button\" data-toggle=\"collapse\" data-parent=\"#accordion-3687-1\" data-target=\"#47a70a3911dd4dac6\" href=\"#47a70a3911dd4dac6\"><span class=\"fusion-toggle-icon-wrapper\" aria-hidden=\"true\"><i class=\"fa-fusion-box active-icon awb-icon-minus\" aria-hidden=\"true\"><\/i><i class=\"fa-fusion-box inactive-icon awb-icon-plus\" aria-hidden=\"true\"><\/i><\/span><span class=\"fusion-toggle-heading\">Soutien technique \/ questions<\/span><\/a><\/h4><\/div><div id=\"47a70a3911dd4dac6\" class=\"panel-collapse collapse \" aria-labelledby=\"toggle_47a70a3911dd4dac6\"><div class=\"panel-body toggle-content fusion-clearfix\">\n<p>Si vous \u00e9prouvez des probl\u00e8mes ou que vous avez des questions concernant un site Web con\u00e7u par Projex Media ou h\u00e9berg\u00e9 par Projex Media, vous pouvez contacter par courriel le soutien technique \u00e0 l&rsquo;adresse suivante : <a href=\"mailto:serviceclient@projexmedia.com\">serviceclient@projexmedia.com<\/a><\/p>\n<\/div><\/div><\/div><div class=\"fusion-panel panel-default panel-6a8f5f991977b4e19 fusion-toggle-has-divider\"><div class=\"panel-heading\"><h4 class=\"panel-title toggle\" id=\"toggle_6a8f5f991977b4e19\"><a aria-expanded=\"false\" aria-controls=\"6a8f5f991977b4e19\" role=\"button\" data-toggle=\"collapse\" data-parent=\"#accordion-3687-1\" data-target=\"#6a8f5f991977b4e19\" href=\"#6a8f5f991977b4e19\"><span class=\"fusion-toggle-icon-wrapper\" aria-hidden=\"true\"><i class=\"fa-fusion-box active-icon awb-icon-minus\" aria-hidden=\"true\"><\/i><i class=\"fa-fusion-box inactive-icon awb-icon-plus\" aria-hidden=\"true\"><\/i><\/span><span class=\"fusion-toggle-heading\">Comptabilit\u00e9 \/ Facturation<\/span><\/a><\/h4><\/div><div id=\"6a8f5f991977b4e19\" class=\"panel-collapse collapse \" aria-labelledby=\"toggle_6a8f5f991977b4e19\"><div class=\"panel-body toggle-content fusion-clearfix\">\n<p>Si vous avez des questions concernant la facturation de votre site Web, de votre h\u00e9bergement ou tout autre sujet en lien avec la comptabilit\u00e9, vous pouvez nous contacter par courriel \u00e0 l&rsquo;adresse suivante : <a href=\"mailto:comptabilite@projexmedia.com\">comptabilite@projexmedia.com<\/a><\/p>\n<\/div><\/div><\/div><\/div><\/div><\/div><\/div><\/div><\/div><div class=\"fusion-fullwidth fullwidth-box fusion-builder-row-2 fusion-flex-container nonhundred-percent-fullwidth non-hundred-percent-height-scrolling\" style=\"--awb-border-radius-top-left:0px;--awb-border-radius-top-right:0px;--awb-border-radius-bottom-right:0px;--awb-border-radius-bottom-left:0px;--awb-flex-wrap:wrap;\" ><div class=\"fusion-builder-row fusion-row fusion-flex-align-items-flex-start fusion-flex-content-wrap\" style=\"max-width:106%;margin-left: calc(-6% \/ 2 );margin-right: calc(-6% \/ 2 );\"><div class=\"fusion-layout-column fusion_builder_column fusion-builder-column-2 fusion_builder_column_1_1 1_1 fusion-flex-column\" style=\"--awb-bg-size:cover;--awb-width-large:100%;--awb-margin-top-large:0px;--awb-spacing-right-large:2.82%;--awb-margin-bottom-large:80px;--awb-spacing-left-large:2.82%;--awb-width-medium:100%;--awb-order-medium:0;--awb-spacing-right-medium:2.82%;--awb-spacing-left-medium:2.82%;--awb-width-small:100%;--awb-order-small:0;--awb-spacing-right-small:2.82%;--awb-spacing-left-small:2.82%;\"><div class=\"fusion-column-wrapper fusion-column-has-shadow fusion-flex-justify-content-flex-start fusion-content-layout-column\"><div class=\"fusion-title title fusion-title-1 fusion-sep-none fusion-title-center fusion-title-rotating fusion-loop-on fusion-title-typeIn fusion-title-size-three big-recoleta\" style=\"--awb-margin-top:0px;--awb-margin-top-small:0px;\"><h3 class=\"fusion-title-heading title-heading-center\" style=\"margin:0;\"><span class=\"fusion-animated-text-prefix\">Projex Media c'est<\/span> <span class=\"fusion-animated-texts-wrapper\" data-length=\"char\" data-minDisplayTime=\"1200\"><span class=\"fusion-animated-texts\"><span data-in-effect=\"typeIn\" class=\"fusion-animated-text\" data-in-sequence=\"true\" data-out-reverse=\"true\" data-out-effect=\"typeOut\">synonyme de talent!<\/span><\/span><\/span> <span class=\"fusion-animated-text-postfix\"><\/span><\/h3><\/div><\/div><\/div><\/div><\/div><div class=\"fusion-fullwidth fullwidth-box fusion-builder-row-3 fusion-flex-container fusion-parallax-fixed nonhundred-percent-fullwidth non-hundred-percent-height-scrolling\" style=\"--awb-border-radius-top-left:0px;--awb-border-radius-top-right:0px;--awb-border-radius-bottom-right:0px;--awb-border-radius-bottom-left:0px;--awb-padding-top:200px;--awb-padding-bottom:200px;--awb-margin-bottom:0px;--awb-background-image:url(&quot;https:\/\/projexmedia.com\/web\/wp-content\/uploads\/2021\/04\/Apropos-ProjexMedia.jpg&quot;);--awb-background-size:cover;--awb-flex-wrap:wrap;background-attachment:fixed;\" ><div class=\"fusion-builder-row fusion-row fusion-flex-align-items-flex-start fusion-flex-content-wrap\" style=\"max-width:106%;margin-left: calc(-6% \/ 2 );margin-right: calc(-6% \/ 2 );\"><\/div><\/div><div class=\"fusion-fullwidth fullwidth-box fusion-builder-row-4 fusion-flex-container hundred-percent-fullwidth non-hundred-percent-height-scrolling\" style=\"--awb-border-radius-top-left:0px;--awb-border-radius-top-right:0px;--awb-border-radius-bottom-right:0px;--awb-border-radius-bottom-left:0px;--awb-padding-right:10%;--awb-padding-bottom:0px;--awb-padding-left:10%;--awb-padding-right-small:6%;--awb-padding-left-small:6%;--awb-margin-bottom:150px;--awb-margin-bottom-medium:120px;--awb-margin-bottom-small:100px;--awb-flex-wrap:wrap;\" ><div class=\"fusion-builder-row fusion-row fusion-flex-align-items-stretch fusion-flex-content-wrap\" style=\"width:106% !important;max-width:106% !important;margin-left: calc(-6% \/ 2 );margin-right: calc(-6% \/ 2 );\"><div class=\"fusion-layout-column fusion_builder_column fusion-builder-column-3 fusion_builder_column_1_1 1_1 fusion-flex-column fusion-animated\" style=\"--awb-padding-top:40px;--awb-padding-right:6%;--awb-padding-bottom:0px;--awb-padding-left:6%;--awb-bg-image:url(&#039;https:\/\/projexmedia.com\/web\/wp-content\/uploads\/2020\/12\/kraft-texture-ProjexMedia-1.jpg&#039;);--awb-bg-position:center center;--awb-bg-size:cover;--awb-width-large:100%;--awb-margin-top-large:-200px;--awb-spacing-right-large:2.82%;--awb-margin-bottom-large:0px;--awb-spacing-left-large:2.82%;--awb-width-medium:100%;--awb-order-medium:0;--awb-spacing-right-medium:2.82%;--awb-spacing-left-medium:2.82%;--awb-width-small:100%;--awb-order-small:0;--awb-spacing-right-small:2.82%;--awb-spacing-left-small:2.82%;\" data-animationType=\"slideInUp\" data-animationDuration=\"1.0\" data-animationOffset=\"top-into-view\"><div class=\"fusion-column-wrapper fusion-column-has-shadow fusion-flex-justify-content-flex-start fusion-content-layout-column fusion-column-has-bg-image\" data-bg-url=\"https:\/\/projexmedia.com\/web\/wp-content\/uploads\/2020\/12\/kraft-texture-ProjexMedia-1.jpg\"><div class=\"fusion-image-element \" style=\"text-align:right;--awb-max-width:130px;--awb-caption-title-font-family:var(--h2_typography-font-family);--awb-caption-title-font-weight:var(--h2_typography-font-weight);--awb-caption-title-font-style:var(--h2_typography-font-style);--awb-caption-title-size:var(--h2_typography-font-size);--awb-caption-title-transform:var(--h2_typography-text-transform);--awb-caption-title-line-height:var(--h2_typography-line-height);--awb-caption-title-letter-spacing:var(--h2_typography-letter-spacing);\"><span class=\" fusion-imageframe imageframe-none imageframe-1 hover-type-none stars-icon\"><img decoding=\"async\" width=\"38\" height=\"37\" title=\"stars-icon-Projexmedia\" src=\"https:\/\/projexmedia.com\/web\/wp-content\/uploads\/2020\/12\/stars-icon-Projexmedia.svg\" alt class=\"img-responsive wp-image-296\"\/><\/span><\/div><div class=\"fusion-builder-row fusion-builder-row-inner fusion-row fusion-flex-align-items-stretch fusion-flex-content-wrap\" style=\"width:106% !important;max-width:106% !important;margin-left: calc(-6% \/ 2 );margin-right: calc(-6% \/ 2 );\"><div class=\"fusion-layout-column fusion_builder_column_inner fusion-builder-nested-column-0 fusion_builder_column_inner_2_3 2_3 fusion-flex-column\" style=\"--awb-bg-size:cover;--awb-width-large:66.666666666667%;--awb-margin-top-large:0px;--awb-spacing-right-large:4.23%;--awb-margin-bottom-large:20px;--awb-spacing-left-large:4.23%;--awb-width-medium:66.666666666667%;--awb-order-medium:0;--awb-spacing-right-medium:4.23%;--awb-spacing-left-medium:4.23%;--awb-width-small:100%;--awb-order-small:0;--awb-spacing-right-small:2.82%;--awb-spacing-left-small:2.82%;\"><div class=\"fusion-column-wrapper fusion-column-has-shadow fusion-flex-justify-content-flex-start fusion-content-layout-column\"><div class=\"fusion-title title fusion-title-2 fusion-sep-none fusion-title-text fusion-title-size-two uppercase\" style=\"--awb-margin-top:0px;--awb-margin-top-small:0px;\"><h2 class=\"fusion-title-heading title-heading-left\" style=\"margin:0;\"><p>Tu veux \u00eatre<br \/>\n\u00e9bloui?<\/p><\/h2><\/div><div class=\"fusion-text fusion-text-3 white recoleta\"><p>Fais le tour de notre portfolio pour voir le talent de nos experts!<\/p>\n<\/div><\/div><\/div><div class=\"fusion-layout-column fusion_builder_column_inner fusion-builder-nested-column-1 fusion_builder_column_inner_1_3 1_3 fusion-flex-column fusion-flex-align-self-flex-end\" style=\"--awb-bg-size:cover;--awb-width-large:33.333333333333%;--awb-margin-top-large:0px;--awb-spacing-right-large:8.46%;--awb-margin-bottom-large:40px;--awb-spacing-left-large:8.46%;--awb-width-medium:33.333333333333%;--awb-order-medium:0;--awb-spacing-right-medium:8.46%;--awb-spacing-left-medium:8.46%;--awb-width-small:100%;--awb-order-small:0;--awb-spacing-right-small:2.82%;--awb-margin-bottom-small:0;--awb-spacing-left-small:2.82%;\"><div class=\"fusion-column-wrapper fusion-column-has-shadow fusion-flex-justify-content-flex-start fusion-content-layout-column\"><div class=\"fusion-image-element \" style=\"text-align:center;--awb-caption-title-font-family:var(--h2_typography-font-family);--awb-caption-title-font-weight:var(--h2_typography-font-weight);--awb-caption-title-font-style:var(--h2_typography-font-style);--awb-caption-title-size:var(--h2_typography-font-size);--awb-caption-title-transform:var(--h2_typography-text-transform);--awb-caption-title-line-height:var(--h2_typography-line-height);--awb-caption-title-letter-spacing:var(--h2_typography-letter-spacing);\"><span class=\" fusion-imageframe imageframe-none imageframe-2 hover-type-none icon-stars\"><img decoding=\"async\" width=\"168\" height=\"134\" title=\"icon-stars-ProjexMedia\" src=\"https:\/\/projexmedia.com\/web\/wp-content\/uploads\/2022\/04\/icon-stars-ProjexMedia.svg\" alt class=\"img-responsive wp-image-3793\"\/><\/span><\/div><\/div><\/div><\/div><div ><a class=\"fusion-button button-flat fusion-button-default-size button-blue fusion-button-blue button-1 fusion-button-default-span fusion-button-default-type fusion-animated\" style=\"--button_margin-bottom:-50px;\" data-animationType=\"shake\" data-animationDuration=\"1.0\" data-animationOffset=\"top-into-view\" target=\"_self\" title=\"Voir les r\u00e9alisations de Projex Media - Entreprise de l&#039;Estrie en conception de sites Web Sherbrooke, Montr\u00e9al, Bromont, Estrie\" aria-label=\"Voir les r\u00e9alisations de Projex Media - Entreprise de l&#039;Estrie en conception de sites Web Sherbrooke, Montr\u00e9al, Bromont, Estrie\" href=\"\/realisations-sites-web-sherbrooke-magog-bromont-montreal-quebec\/\"><span class=\"fusion-button-text\">Voir nos r\u00e9alisations<\/span><i class=\"fa-long-arrow-right fas button-icon-right\" aria-hidden=\"true\"><\/i><\/a><\/div><\/div><\/div><\/div><\/div><\/p>\n","protected":false},"excerpt":{"rendered":"","protected":false},"author":2,"featured_media":0,"parent":0,"menu_order":0,"comment_status":"closed","ping_status":"closed","template":"100-width.php","meta":{"footnotes":""},"acf":[],"yoast_head":"<!-- This site is optimized with the Yoast SEO plugin v22.5 - https:\/\/yoast.com\/wordpress\/plugins\/seo\/ -->\n<title>Soutien technique - Projex Media<\/title>\n<meta name=\"robots\" content=\"index, follow, max-snippet:-1, max-image-preview:large, max-video-preview:-1\" \/>\n<link rel=\"canonical\" href=\"https:\/\/projexmedia.com\/web\/soutien-technique\/\" \/>\n<meta property=\"og:locale\" content=\"fr_CA\" \/>\n<meta property=\"og:type\" content=\"article\" \/>\n<meta property=\"og:title\" content=\"Soutien technique - Projex Media\" \/>\n<meta property=\"og:url\" content=\"https:\/\/projexmedia.com\/web\/soutien-technique\/\" \/>\n<meta property=\"og:site_name\" content=\"Projex Media\" \/>\n<meta property=\"article:modified_time\" content=\"2023-09-15T15:08:37+00:00\" \/>\n<meta property=\"og:image\" content=\"https:\/\/projexmedia.com\/web\/wp-content\/uploads\/2021\/10\/fbk-ProjexMedia-1.png\" \/>\n\t<meta property=\"og:image:width\" content=\"1200\" \/>\n\t<meta property=\"og:image:height\" content=\"630\" \/>\n\t<meta property=\"og:image:type\" content=\"image\/png\" \/>\n<meta name=\"twitter:card\" content=\"summary_large_image\" \/>\n<script type=\"application\/ld+json\" class=\"yoast-schema-graph\">{\"@context\":\"https:\/\/schema.org\",\"@graph\":[{\"@type\":\"WebPage\",\"@id\":\"https:\/\/projexmedia.com\/web\/soutien-technique\/\",\"url\":\"https:\/\/projexmedia.com\/web\/soutien-technique\/\",\"name\":\"Soutien technique - Projex Media\",\"isPartOf\":{\"@id\":\"https:\/\/projexmedia.com\/web\/#website\"},\"datePublished\":\"2021-11-11T21:41:30+00:00\",\"dateModified\":\"2023-09-15T15:08:37+00:00\",\"breadcrumb\":{\"@id\":\"https:\/\/projexmedia.com\/web\/soutien-technique\/#breadcrumb\"},\"inLanguage\":\"fr-CA\",\"potentialAction\":[{\"@type\":\"ReadAction\",\"target\":[\"https:\/\/projexmedia.com\/web\/soutien-technique\/\"]}]},{\"@type\":\"BreadcrumbList\",\"@id\":\"https:\/\/projexmedia.com\/web\/soutien-technique\/#breadcrumb\",\"itemListElement\":[{\"@type\":\"ListItem\",\"position\":1,\"name\":\"Accueil\",\"item\":\"https:\/\/projexmedia.com\/web\/\"},{\"@type\":\"ListItem\",\"position\":2,\"name\":\"Soutien technique\"}]},{\"@type\":\"WebSite\",\"@id\":\"https:\/\/projexmedia.com\/web\/#website\",\"url\":\"https:\/\/projexmedia.com\/web\/\",\"name\":\"Projex Media\",\"description\":\"Conception de sites Web Sherbrooke, Montr\u00e9al, Bromont, Estrie\",\"publisher\":{\"@id\":\"https:\/\/projexmedia.com\/web\/#organization\"},\"potentialAction\":[{\"@type\":\"SearchAction\",\"target\":{\"@type\":\"EntryPoint\",\"urlTemplate\":\"https:\/\/projexmedia.com\/web\/?s={search_term_string}\"},\"query-input\":\"required name=search_term_string\"}],\"inLanguage\":\"fr-CA\"},{\"@type\":\"Organization\",\"@id\":\"https:\/\/projexmedia.com\/web\/#organization\",\"name\":\"Projex Media\",\"url\":\"https:\/\/projexmedia.com\/web\/\",\"logo\":{\"@type\":\"ImageObject\",\"inLanguage\":\"fr-CA\",\"@id\":\"https:\/\/projexmedia.com\/web\/#\/schema\/logo\/image\/\",\"url\":\"https:\/\/projexmedia.com\/web\/wp-content\/uploads\/2020\/12\/Projex.png\",\"contentUrl\":\"https:\/\/projexmedia.com\/web\/wp-content\/uploads\/2020\/12\/Projex.png\",\"width\":150,\"height\":130,\"caption\":\"Projex Media\"},\"image\":{\"@id\":\"https:\/\/projexmedia.com\/web\/#\/schema\/logo\/image\/\"}}]}<\/script>\n<!-- \/ Yoast SEO plugin. -->","yoast_head_json":{"title":"Soutien technique - Projex Media","robots":{"index":"index","follow":"follow","max-snippet":"max-snippet:-1","max-image-preview":"max-image-preview:large","max-video-preview":"max-video-preview:-1"},"canonical":"https:\/\/projexmedia.com\/web\/soutien-technique\/","og_locale":"fr_CA","og_type":"article","og_title":"Soutien technique - Projex Media","og_url":"https:\/\/projexmedia.com\/web\/soutien-technique\/","og_site_name":"Projex Media","article_modified_time":"2023-09-15T15:08:37+00:00","og_image":[{"width":1200,"height":630,"url":"https:\/\/projexmedia.com\/web\/wp-content\/uploads\/2021\/10\/fbk-ProjexMedia-1.png","type":"image\/png"}],"twitter_card":"summary_large_image","schema":{"@context":"https:\/\/schema.org","@graph":[{"@type":"WebPage","@id":"https:\/\/projexmedia.com\/web\/soutien-technique\/","url":"https:\/\/projexmedia.com\/web\/soutien-technique\/","name":"Soutien technique - Projex Media","isPartOf":{"@id":"https:\/\/projexmedia.com\/web\/#website"},"datePublished":"2021-11-11T21:41:30+00:00","dateModified":"2023-09-15T15:08:37+00:00","breadcrumb":{"@id":"https:\/\/projexmedia.com\/web\/soutien-technique\/#breadcrumb"},"inLanguage":"fr-CA","potentialAction":[{"@type":"ReadAction","target":["https:\/\/projexmedia.com\/web\/soutien-technique\/"]}]},{"@type":"BreadcrumbList","@id":"https:\/\/projexmedia.com\/web\/soutien-technique\/#breadcrumb","itemListElement":[{"@type":"ListItem","position":1,"name":"Accueil","item":"https:\/\/projexmedia.com\/web\/"},{"@type":"ListItem","position":2,"name":"Soutien technique"}]},{"@type":"WebSite","@id":"https:\/\/projexmedia.com\/web\/#website","url":"https:\/\/projexmedia.com\/web\/","name":"Projex Media","description":"Conception de sites Web Sherbrooke, Montr\u00e9al, Bromont, Estrie","publisher":{"@id":"https:\/\/projexmedia.com\/web\/#organization"},"potentialAction":[{"@type":"SearchAction","target":{"@type":"EntryPoint","urlTemplate":"https:\/\/projexmedia.com\/web\/?s={search_term_string}"},"query-input":"required name=search_term_string"}],"inLanguage":"fr-CA"},{"@type":"Organization","@id":"https:\/\/projexmedia.com\/web\/#organization","name":"Projex Media","url":"https:\/\/projexmedia.com\/web\/","logo":{"@type":"ImageObject","inLanguage":"fr-CA","@id":"https:\/\/projexmedia.com\/web\/#\/schema\/logo\/image\/","url":"https:\/\/projexmedia.com\/web\/wp-content\/uploads\/2020\/12\/Projex.png","contentUrl":"https:\/\/projexmedia.com\/web\/wp-content\/uploads\/2020\/12\/Projex.png","width":150,"height":130,"caption":"Projex Media"},"image":{"@id":"https:\/\/projexmedia.com\/web\/#\/schema\/logo\/image\/"}}]}},"_links":{"self":[{"href":"https:\/\/projexmedia.com\/web\/wp-json\/wp\/v2\/pages\/3687"}],"collection":[{"href":"https:\/\/projexmedia.com\/web\/wp-json\/wp\/v2\/pages"}],"about":[{"href":"https:\/\/projexmedia.com\/web\/wp-json\/wp\/v2\/types\/page"}],"author":[{"embeddable":true,"href":"https:\/\/projexmedia.com\/web\/wp-json\/wp\/v2\/users\/2"}],"replies":[{"embeddable":true,"href":"https:\/\/projexmedia.com\/web\/wp-json\/wp\/v2\/comments?post=3687"}],"version-history":[{"count":13,"href":"https:\/\/projexmedia.com\/web\/wp-json\/wp\/v2\/pages\/3687\/revisions"}],"predecessor-version":[{"id":4279,"href":"https:\/\/projexmedia.com\/web\/wp-json\/wp\/v2\/pages\/3687\/revisions\/4279"}],"wp:attachment":[{"href":"https:\/\/projexmedia.com\/web\/wp-json\/wp\/v2\/media?parent=3687"}],"curies":[{"name":"wp","href":"https:\/\/api.w.org\/{rel}","templated":true}]}}